{"id":52,"date":"2024-12-22T02:56:41","date_gmt":"2024-12-22T02:56:41","guid":{"rendered":"https:\/\/deefprofessional.com.tr\/?page_id=52"},"modified":"2024-12-28T13:09:54","modified_gmt":"2024-12-28T13:09:54","slug":"cerez-politikasi","status":"publish","type":"page","link":"https:\/\/deefprofessional.com.tr\/?page_id=52","title":{"rendered":"\u00c7erez Politikas\u0131"},"content":{"rendered":"<p><strong>\u00c7erez Politikam\u0131z<\/strong><\/p><p>Deef Professional olarak, web sitemiz <a href=\"http:\/\/deefprofessional.com.tr\">deefprofessional.com.tr<\/a>  ziyaret\u00e7ilerimizin deneyimlerini iyile\u015ftirmek, sitemizi daha etkili bir \u015fekilde i\u015fletmek ve hizmetlerimizi ki\u015fiselle\u015ftirerek geli\u015ftirmek amac\u0131yla \u00e7erezler kullan\u0131yoruz. Bu \u00c7erez Politikam\u0131z, hangi t\u00fcr \u00e7erezleri kulland\u0131\u011f\u0131m\u0131z\u0131, bu \u00e7erezlerin amac\u0131n\u0131 ve bu konuda kullan\u0131c\u0131lar\u0131m\u0131z\u0131n sahip oldu\u011fu tercihleri a\u00e7\u0131klamaktad\u0131r.<\/p><hr class=\"wp-block-separator has-alpha-channel-opacity\"\/><h3 class=\"wp-block-heading\">1. <strong>\u00c7erez Nedir?<\/strong><\/h3><p>\u00c7erezler, bir web sitesini ziyaret etti\u011finizde taray\u0131c\u0131n\u0131za veya cihaz\u0131n\u0131za yerle\u015ftirilen k\u00fc\u00e7\u00fck metin dosyalar\u0131d\u0131r. Bu dosyalar, ziyaret etti\u011finiz web sitesi taraf\u0131ndan olu\u015fturulur ve web sitesinin cihaz\u0131n\u0131z\u0131 tan\u0131mas\u0131n\u0131 ve belirli bilgileri hat\u0131rlamas\u0131n\u0131 sa\u011flar.<\/p><hr class=\"wp-block-separator has-alpha-channel-opacity\"\/><h3 class=\"wp-block-heading\">2. <strong>Kulland\u0131\u011f\u0131m\u0131z \u00c7erez T\u00fcrleri<\/strong><\/h3><h4 class=\"wp-block-heading\"><strong>Zorunlu \u00c7erezler<\/strong><\/h4><p>Bu \u00e7erezler, web sitemizin temel fonksiyonlar\u0131n\u0131 yerine getirmesi ve g\u00fcvenli bir \u015fekilde \u00e7al\u0131\u015fmas\u0131 i\u00e7in gereklidir. Bu \u00e7erezler olmadan, sitemizin kullan\u0131m\u0131 m\u00fcmk\u00fcn olmayabilir.<\/p><h4 class=\"wp-block-heading\"><strong>Performans \u00c7erezleri<\/strong><\/h4><p>Performans \u00e7erezleri, ziyaret\u00e7ilerimizin sitemizi nas\u0131l kulland\u0131\u011f\u0131 hakk\u0131nda bilgi toplar. Bu veriler, sayfa g\u00f6r\u00fcnt\u00fcleme say\u0131lar\u0131 veya hata mesajlar\u0131 gibi anonim istatistikler \u00fcretilmesini sa\u011flar.<\/p><h4 class=\"wp-block-heading\"><strong>Fonksiyonel \u00c7erezler<\/strong><\/h4><p>Fonksiyonel \u00e7erezler, tercihlerinizi (dil se\u00e7imi, oturum bilgileri vb.) hat\u0131rlayarak size daha ki\u015fiselle\u015ftirilmi\u015f bir deneyim sunar.<\/p><h4 class=\"wp-block-heading\"><strong>Hedefleme ve Reklam \u00c7erezleri<\/strong><\/h4><p>Bu \u00e7erezler, size ilgi alanlar\u0131n\u0131za uygun reklamlar g\u00f6sterebilmemiz i\u00e7in kullan\u0131l\u0131r. Ayr\u0131ca reklam kampanyalar\u0131m\u0131z\u0131n etkisini \u00f6l\u00e7memize yard\u0131mc\u0131 olur.<\/p><hr class=\"wp-block-separator has-alpha-channel-opacity\"\/><h3 class=\"wp-block-heading\">3. <strong>\u00c7erezlerin Kullan\u0131m Ama\u00e7lar\u0131<\/strong><\/h3><p>Web sitemizde kulland\u0131\u011f\u0131m\u0131z \u00e7erezlerin ba\u015fl\u0131ca ama\u00e7lar\u0131:<\/p><ul class=\"wp-block-list\"><li>Web sitesinin g\u00fcvenli \u015fekilde i\u015fletilmesi,<\/li>\n\n<li>Kullan\u0131c\u0131 deneyiminin iyile\u015ftirilmesi,<\/li>\n\n<li>Trafik ve ziyaret\u00e7i davran\u0131\u015flar\u0131n\u0131n analiz edilmesi,<\/li>\n\n<li>Pazarlama faaliyetlerinin etkinli\u011finin de\u011ferlendirilmesidir.<\/li><\/ul><hr class=\"wp-block-separator has-alpha-channel-opacity\"\/><h3 class=\"wp-block-heading\">4. <strong>\u00c7erezlerin Y\u00f6netilmesi<\/strong><\/h3><p>Taray\u0131c\u0131 ayarlar\u0131n\u0131z\u0131 de\u011fi\u015ftirerek \u00e7erezleri kontrol edebilir veya silebilirsiniz. Bunun i\u00e7in a\u015fa\u011f\u0131daki ad\u0131mlar\u0131 takip edebilirsiniz:<\/p><ul class=\"wp-block-list\"><li><strong>Taray\u0131c\u0131 Ayarlar\u0131:<\/strong> Taray\u0131c\u0131n\u0131z\u0131n \u201cAyarlar\u201d veya \u201cGizlilik\u201d b\u00f6l\u00fcm\u00fcnden \u00e7erez tercihlerinizi y\u00f6netebilirsiniz.<\/li>\n\n<li><strong>\u00dc\u00e7\u00fcnc\u00fc Taraf Ara\u00e7lar:<\/strong> Reklam hedefleme \u00e7erezlerini devre d\u0131\u015f\u0131 b\u0131rakmak i\u00e7in <a>Your Online Choices<\/a> gibi platformlardan faydalanabilirsiniz.<\/li><\/ul><hr class=\"wp-block-separator has-alpha-channel-opacity\"\/><h3 class=\"wp-block-heading\">5. <strong>\u00c7erezlerin Saklanma S\u00fcresi<\/strong><\/h3><p>\u00c7erezler kal\u0131c\u0131 veya oturum bazl\u0131 olabilir:<\/p><ul class=\"wp-block-list\"><li><strong>Kal\u0131c\u0131 \u00c7erezler:<\/strong> Belirli bir s\u00fcre boyunca cihaz\u0131n\u0131zda saklan\u0131r.<\/li>\n\n<li><strong>Oturum \u00c7erezleri:<\/strong> Taray\u0131c\u0131n\u0131z\u0131 kapatt\u0131\u011f\u0131n\u0131zda silinir.<\/li><\/ul><hr class=\"wp-block-separator has-alpha-channel-opacity\"\/><h3 class=\"wp-block-heading\">6. <strong>G\u00fcncellemeler<\/strong><\/h3><p>Bu \u00c7erez Politikam\u0131z, \u015firketimiz taraf\u0131ndan g\u00fcncellenebilir. Politika \u00fczerinde yap\u0131lan de\u011fi\u015fiklikler, web sitemiz \u00fczerinden yay\u0131mlanarak y\u00fcr\u00fcrl\u00fc\u011fe girecektir.<\/p><hr class=\"wp-block-separator has-alpha-channel-opacity\"\/><h3 class=\"wp-block-heading\">7. <strong>Bizimle \u0130leti\u015fime Ge\u00e7in<\/strong><\/h3><p>\u00c7erez politikam\u0131z hakk\u0131nda sorular\u0131n\u0131z veya talepleriniz i\u00e7in bize <a>info@deefprofessional.com.tr<\/a> adresinden ula\u015fabilirsiniz.<\/p><p>Deef Professional olarak gizlili\u011finizi \u00f6nemsiyor, ziyaret\u00e7ilerimize \u015feffaf ve g\u00fcvenli bir deneyim sunmay\u0131 hedefliyoruz.<\/p>","protected":false},"excerpt":{"rendered":"<p>\u00c7erez Politikam\u0131z Deef Professional olarak, web sitemiz deefprofessional.com.tr ziyaret\u00e7ilerimizin deneyimlerini iyile\u015ftirmek, sitemizi daha etkili bir \u015fekilde i\u015fletmek ve hizmetlerimizi ki\u015fiselle\u015ftirerek geli\u015ftirmek amac\u0131yla \u00e7erezler kullan\u0131yoruz. Bu \u00c7erez Politikam\u0131z, hangi t\u00fcr \u00e7erezleri kulland\u0131\u011f\u0131m\u0131z\u0131, bu \u00e7erezlerin amac\u0131n\u0131 ve bu konuda kullan\u0131c\u0131lar\u0131m\u0131z\u0131n sahip oldu\u011fu tercihleri a\u00e7\u0131klamaktad\u0131r. 1. \u00c7erez Nedir? \u00c7erezler, bir web sitesini ziyaret etti\u011finizde taray\u0131c\u0131n\u0131za veya cihaz\u0131n\u0131za yerle\u015ftirilen&#8230;<\/p>\n","protected":false},"author":1,"featured_media":0,"parent":0,"menu_order":0,"comment_status":"closed","ping_status":"closed","template":"","meta":{"_kad_post_transparent":"","_kad_post_title":"","_kad_post_layout":"","_kad_post_sidebar_id":"","_kad_post_content_style":"","_kad_post_vertical_padding":"","_kad_post_feature":"","_kad_post_feature_position":"","_kad_post_header":false,"_kad_post_footer":false,"footnotes":""},"class_list":["post-52","page","type-page","status-publish","hentry"],"_links":{"self":[{"href":"https:\/\/deefprofessional.com.tr\/index.php?rest_route=\/wp\/v2\/pages\/52","targetHints":{"allow":["GET"]}}],"collection":[{"href":"https:\/\/deefprofessional.com.tr\/index.php?rest_route=\/wp\/v2\/pages"}],"about":[{"href":"https:\/\/deefprofessional.com.tr\/index.php?rest_route=\/wp\/v2\/types\/page"}],"author":[{"embeddable":true,"href":"https:\/\/deefprofessional.com.tr\/index.php?rest_route=\/wp\/v2\/users\/1"}],"replies":[{"embeddable":true,"href":"https:\/\/deefprofessional.com.tr\/index.php?rest_route=%2Fwp%2Fv2%2Fcomments&post=52"}],"version-history":[{"count":5,"href":"https:\/\/deefprofessional.com.tr\/index.php?rest_route=\/wp\/v2\/pages\/52\/revisions"}],"predecessor-version":[{"id":359,"href":"https:\/\/deefprofessional.com.tr\/index.php?rest_route=\/wp\/v2\/pages\/52\/revisions\/359"}],"wp:attachment":[{"href":"https:\/\/deefprofessional.com.tr\/index.php?rest_route=%2Fwp%2Fv2%2Fmedia&parent=52"}],"curies":[{"name":"wp","href":"https:\/\/api.w.org\/{rel}","templated":true}]}}