{"id":323,"date":"2024-12-25T17:28:28","date_gmt":"2024-12-25T17:28:28","guid":{"rendered":"https:\/\/deefprofessional.com.tr\/?post_type=product&#038;p=323"},"modified":"2026-03-01T12:30:11","modified_gmt":"2026-03-01T12:30:11","slug":"avokado-maske-kuru-ciltler","status":"publish","type":"product","link":"https:\/\/deefprofessional.com.tr\/?product=avokado-maske-kuru-ciltler","title":{"rendered":"Kuru Ciltler \u0130\u00e7in Avokado Y\u00fcz Maskesi"},"content":{"rendered":"<p>\u0130\u00e7eri\u011findeki avokado \u00f6zleri sayesinde ciltteki kurulu\u011fu gidererek nemlendirir ve parlak bir g\u00f6r\u00fcn\u00fcm sa\u011flar. D\u00fczenli kullan\u0131mda akne olu\u015fumunu engellemekte ve cilde daha parlak bir g\u00f6r\u00fcn\u00fcm kazand\u0131rmaktad\u0131r. Avokado \u00f6zl\u00fc maskeler cildi gerginle\u015ftirerek k\u0131r\u0131\u015f\u0131kl\u0131k sorununu da azaltmaktad\u0131r.<\/p>\n<p><strong>\u00a0<\/strong><\/p>\n<p><strong>Propylene Glycol, <\/strong>Nem sa\u011flar, \u00e7ok \u00e7e\u015fitli nemlendirici k\u0131l k\u00f6k\u00fc, g\u00fcne\u015f ve cilt bak\u0131m \u00fcr\u00fcnlerinde kullan\u0131lmaktad\u0131r. \u00c7\u00f6z\u00fcc\u00fc ve yard\u0131mc\u0131 koruyucu g\u00f6revi g\u00f6r\u00fcr. Viskoz, berrak, renksiz, su ve alkol ile kar\u0131\u015fabilen bir s\u0131v\u0131d\u0131r. \u00c7e\u015fitli maddelerin \u00e7\u00f6z\u00fcn\u00fcrl\u00fc\u011f\u00fcn\u00fc \u00f6nemli \u00f6l\u00e7\u00fcde art\u0131rabilir, b\u00f6ylece daha kararl\u0131 bir da\u011f\u0131l\u0131m\u0131 kolayla\u015ft\u0131rabilir.<\/p>\n<p><strong>Glycerin, <\/strong>Nemlendirici olarak i\u015flev g\u00f6r\u00fcr. Cildi yumu\u015fat\u0131r.<\/p>\n<p><strong>Paraffinum Liquidum, <\/strong>Cildi yumu\u015fatma ve cildin kurulu\u011funu giderme etkisine de sahiptir. Ayn\u0131 zamanda ciltte kurumu\u015f, \u00e7atlam\u0131\u015f ya da kesilmi\u015f olan b\u00f6l\u00fcmlerin \u00fczerine s\u00fcr\u00fclebilir. \u00c7izik ya da yan\u0131klar\u0131n giderilmesinde de etkin bir \u015fekilde kullan\u0131l\u0131r.<\/p>\n<p><strong>Caprylic\/ Capric Triglyceride, <\/strong>yumu\u015fat\u0131c\u0131, cilt bak\u0131m maddesi ve \u00e7\u00f6z\u00fcc\u00fc olarak i\u015flev g\u00f6r\u00fcr. Yenilenebilir bitkisel ya\u011flardan elde edilen ya\u011f esteridir. GDO i\u00e7ermez. M\u00fckemmel rengi ve kokusu onu kozmetikler ve ki\u015fisel bak\u0131m \u00fcr\u00fcnleri i\u00e7in iyi bir yumu\u015fat\u0131c\u0131 ve kokular i\u00e7in \u00e7\u00f6z\u00fcc\u00fc yapar.<\/p>\n<p>&nbsp;<\/p>\n<p><strong>Beeswax, <\/strong>Balmumu \u00f6zellikle nemlendirici ve yumu\u015fat\u0131c\u0131 \u00f6zelli\u011finden dolay\u0131 do\u011fal bak\u0131m \u00fcr\u00fcnlerinin i\u00e7eriklerinde s\u0131k\u00e7a yer al\u0131r. Ayn\u0131 zamanda cildin \u00fczerinde bir katman olu\u015fturarak derimizi uzun s\u00fcre nemli ve parlak tutar. Bundan dolay\u0131d\u0131r ki dudak balsamlar\u0131nda s\u0131k\u00e7a kullan\u0131lmaktad\u0131r. Kuru ve tahri\u015f olmu\u015f ciltleri rahatlama \u00f6zelli\u011fi bulunan balmumu i\u00e7eri\u011finde bol miktarda A vitamini i\u00e7erir. Havada ki nemi \u00e7eker, cildimizin ve sa\u00e7lar\u0131m\u0131z\u0131n kurumas\u0131na izin vermez.<\/p>\n<p><strong>Spirulina Platensis Extract, <\/strong>k\u0131r\u0131\u015f\u0131kl\u0131k \u00f6nleyici, koyu renkli bir daire, antioksidan, antienflamatuvar , gen\u00e7le\u015ftirici ve s\u0131k\u0131la\u015ft\u0131r\u0131c\u0131 aktif olarak hareket eder. Cilt s\u0131k\u0131l\u0131\u011f\u0131n\u0131 artt\u0131r\u0131rken g\u00f6z \u00e7evresini gen\u00e7le\u015ftirir ve koyu halkalar\u0131n g\u00f6r\u00fcn\u00fcm\u00fcn\u00fc azalt\u0131r. Tamamen yenilenmi\u015f ve ayd\u0131nlanm\u0131\u015f bir g\u00f6z \u00e7evresi i\u00e7in kaz ayak k\u0131r\u0131\u015f\u0131kl\u0131klar\u0131n\u0131n olu\u015fumuyla m\u00fccadele eder. Antioksidan ve antienflamatuvar \u00f6zellikleri cilt h\u00fccrelerinin korunmas\u0131na yard\u0131mc\u0131 olur ve karanl\u0131k halka olu\u015fum s\u00fcrecini engellemeye katk\u0131da bulunur.<\/p>\n<p><strong>Persea Gratissima Oil, <\/strong><strong>Avokado ya\u011f\u0131; <\/strong>Y\u00fcksek miktarda E vitamini i\u00e7erir. Cilt h\u00fccrelerini yenilemeye yard\u0131mc\u0131 olur. Ciltte k\u0131r\u0131\u015f\u0131kl\u0131k olu\u015fumunu engellemeye yard\u0131mc\u0131 olur. Cildi besler ve canl\u0131l\u0131k kazand\u0131r\u0131r. Nemlendirme \u00f6zelli\u011fi bulunur<\/p>\n<p><strong>Rosa Canina Seed Oil, Ku\u015fburnu ya\u011f\u0131 <\/strong>i\u00e7eri\u011findeki mineral, vitamin ve bolca bulunan Linoleik asit sayesinde sebum dengesini bozmadan size m\u00fckemmel bir nemlendirme sa\u011flar. Bunun yan\u0131nda cilt \u00fczerinde g\u00f6zenekleri t\u0131kamayan bir bariyer olu\u015fturarak cildinizi nem kayb\u0131na kar\u015f\u0131 uzun s\u00fcre korur ve bunu yaparken ya\u011fl\u0131 bir his b\u0131rakmaz.<\/p>\n","protected":false},"excerpt":{"rendered":"<p>\u0130\u00e7eri\u011findeki avokado \u00f6zleri sayesinde ciltteki kurulu\u011fu gidererek nemlendirir ve parlak bir g\u00f6r\u00fcn\u00fcm sa\u011flar. D\u00fczenli kullan\u0131mda akne olu\u015fumunu engellemekte ve cilde daha parlak bir g\u00f6r\u00fcn\u00fcm kazand\u0131rmaktad\u0131r. Avokado \u00f6zl\u00fc maskeler cildi gerginle\u015ftirerek k\u0131r\u0131\u015f\u0131kl\u0131k sorununu da azaltmaktad\u0131r.<\/p>\n","protected":false},"featured_media":328,"comment_status":"open","ping_status":"closed","template":"","meta":{"_kad_post_transparent":"default","_kad_post_title":"","_kad_post_layout":"default","_kad_post_sidebar_id":"","_kad_post_content_style":"default","_kad_post_vertical_padding":"default","_kad_post_feature":"","_kad_post_feature_position":"","_kad_post_header":false,"_kad_post_footer":false},"product_brand":[45],"product_cat":[15,24],"product_tag":[50,53,55,51,54],"class_list":{"0":"post-323","1":"product","2":"type-product","3":"status-publish","4":"has-post-thumbnail","6":"product_brand-deefprofessional","7":"product_cat-genel","8":"product_cat-ciltbakim","9":"product_tag-avokado","10":"product_tag-cilt","11":"product_tag-kuru-cilt","12":"product_tag-maske","13":"product_tag-yuz","15":"first","16":"instock","17":"shipping-taxable","18":"purchasable","19":"product-type-simple","20":"entry","21":"content-bg","22":"loop-entry"},"_links":{"self":[{"href":"https:\/\/deefprofessional.com.tr\/index.php?rest_route=\/wp\/v2\/product\/323","targetHints":{"allow":["GET"]}}],"collection":[{"href":"https:\/\/deefprofessional.com.tr\/index.php?rest_route=\/wp\/v2\/product"}],"about":[{"href":"https:\/\/deefprofessional.com.tr\/index.php?rest_route=\/wp\/v2\/types\/product"}],"replies":[{"embeddable":true,"href":"https:\/\/deefprofessional.com.tr\/index.php?rest_route=%2Fwp%2Fv2%2Fcomments&post=323"}],"wp:featuredmedia":[{"embeddable":true,"href":"https:\/\/deefprofessional.com.tr\/index.php?rest_route=\/wp\/v2\/media\/328"}],"wp:attachment":[{"href":"https:\/\/deefprofessional.com.tr\/index.php?rest_route=%2Fwp%2Fv2%2Fmedia&parent=323"}],"wp:term":[{"taxonomy":"product_brand","embeddable":true,"href":"https:\/\/deefprofessional.com.tr\/index.php?rest_route=%2Fwp%2Fv2%2Fproduct_brand&post=323"},{"taxonomy":"product_cat","embeddable":true,"href":"https:\/\/deefprofessional.com.tr\/index.php?rest_route=%2Fwp%2Fv2%2Fproduct_cat&post=323"},{"taxonomy":"product_tag","embeddable":true,"href":"https:\/\/deefprofessional.com.tr\/index.php?rest_route=%2Fwp%2Fv2%2Fproduct_tag&post=323"}],"curies":[{"name":"wp","href":"https:\/\/api.w.org\/{rel}","templated":true}]}}