{"id":329,"date":"2024-12-25T17:40:51","date_gmt":"2024-12-25T17:40:51","guid":{"rendered":"https:\/\/deefprofessional.com.tr\/?post_type=product&#038;p=329"},"modified":"2026-03-01T12:29:59","modified_gmt":"2026-03-01T12:29:59","slug":"avokado-maske-yagli-ciltler","status":"publish","type":"product","link":"https:\/\/deefprofessional.com.tr\/?product=avokado-maske-yagli-ciltler","title":{"rendered":"Ya\u011fl\u0131 Ciltler \u0130\u00e7in Avokado Y\u00fcz Maskesi"},"content":{"rendered":"<p>\u0130\u00e7eri\u011findeki lavanta ve defne \u00f6zleri sayesinde ciltteki a\u015f\u0131r\u0131 ya\u011fl\u0131l\u0131\u011f\u0131 gidererek cilt nem dengesi korur ve parlak bir g\u00f6r\u00fcn\u00fcm sa\u011flar. D\u00fczenli kullan\u0131mda akne olu\u015fumunu engellemekte ve cilde daha parlak bir g\u00f6r\u00fcn\u00fcm kazand\u0131rmaktad\u0131r. Avokado \u00f6zl\u00fc maskeler cildi gerginle\u015ftirerek k\u0131r\u0131\u015f\u0131kl\u0131k sorununu da azaltmaktad\u0131r<\/p>\n<p><strong>Propylene Glycol, <\/strong>Nem sa\u011flar, \u00e7ok \u00e7e\u015fitli nemlendirici k\u0131l k\u00f6k\u00fc, g\u00fcne\u015f ve cilt bak\u0131m \u00fcr\u00fcnlerinde kullan\u0131lmaktad\u0131r. \u00c7\u00f6z\u00fcc\u00fc ve yard\u0131mc\u0131 koruyucu g\u00f6revi g\u00f6r\u00fcr. Viskoz, berrak, renksiz, su ve alkol ile kar\u0131\u015fabilen bir s\u0131v\u0131d\u0131r. \u00c7e\u015fitli maddelerin \u00e7\u00f6z\u00fcn\u00fcrl\u00fc\u011f\u00fcn\u00fc \u00f6nemli \u00f6l\u00e7\u00fcde art\u0131rabilir, b\u00f6ylece daha kararl\u0131 bir da\u011f\u0131l\u0131m\u0131 kolayla\u015ft\u0131rabilir<\/p>\n<p><strong>Glycerin, <\/strong>Nemlendirici olarak i\u015flev g\u00f6r\u00fcr. Cildi yumu\u015fat\u0131r.<\/p>\n<p><strong>Paraffinum Liquidum, <\/strong>Cildi yumu\u015fatma ve cildin kurulu\u011funu giderme etkisine de sahiptir. Ayn\u0131 zamanda ciltte kurumu\u015f, \u00e7atlam\u0131\u015f ya da kesilmi\u015f olan b\u00f6l\u00fcmlerin \u00fczerine s\u00fcr\u00fclebilir. \u00c7izik ya da yan\u0131klar\u0131n giderilmesinde de etkin bir \u015fekilde kullan\u0131l\u0131r.<\/p>\n<p><strong>Caprylic\/ Capric Triglyceride, <\/strong>yumu\u015fat\u0131c\u0131, cilt bak\u0131m maddesi ve \u00e7\u00f6z\u00fcc\u00fc olarak i\u015flev g\u00f6r\u00fcr. Yenilenebilir bitkisel ya\u011flardan elde edilen ya\u011f esteridir. GDO i\u00e7ermez. M\u00fckemmel rengi ve kokusu onu kozmetikler ve ki\u015fisel bak\u0131m \u00fcr\u00fcnleri i\u00e7in iyi bir yumu\u015fat\u0131c\u0131 ve kokular i\u00e7in \u00e7\u00f6z\u00fcc\u00fc yapar.<\/p>\n<p><strong>Beeswax, <\/strong>Balmumu \u00f6zellikle nemlendirici ve yumu\u015fat\u0131c\u0131 \u00f6zelli\u011finden dolay\u0131 do\u011fal bak\u0131m \u00fcr\u00fcnlerinin i\u00e7eriklerinde s\u0131k\u00e7a yer al\u0131r. Ayn\u0131 zamanda cildin \u00fczerinde bir katman olu\u015fturarak derimizi uzun s\u00fcre nemli ve parlak tutar. Bundan dolay\u0131d\u0131r ki dudak balsamlar\u0131nda s\u0131k\u00e7a kullan\u0131lmaktad\u0131r. Kuru ve tahri\u015f olmu\u015f ciltleri rahatlama \u00f6zelli\u011fi bulunan balmumu i\u00e7eri\u011finde bol miktarda A vitamini i\u00e7erir. Havada ki nemi \u00e7eker, cildimizin ve sa\u00e7lar\u0131m\u0131z\u0131n kurumas\u0131na izin vermez.<\/p>\n<p><strong>Lavandula Angustifolia Oil, <\/strong>kuru, hassas veya ya\u011fl\u0131 t\u00fcm cilt tipleri i\u00e7in uygundur. Cildinize beslemekle kalmaz ayr\u0131ca rahatlamas\u0131n\u0131 sa\u011flar. Lavanta cilt h\u00fccrelerine oksijen ve besin ak\u0131\u015f\u0131n\u0131 art\u0131rarak, dola\u015f\u0131m sistemini g\u00fc\u00e7lendirir. Cildin daha gen\u00e7 ve \u0131\u015f\u0131lt\u0131l\u0131 g\u00f6r\u00fcnmesine yard\u0131mc\u0131 olur.<\/p>\n<p><strong>Persea Gratissima Oil, <\/strong><strong>Avokado ya\u011f\u0131; <\/strong>Y\u00fcksek miktarda E vitamini i\u00e7erir. Cilt h\u00fccrelerini yenilemeye yard\u0131mc\u0131 olur. Ciltte k\u0131r\u0131\u015f\u0131kl\u0131k olu\u015fumunu engellemeye yard\u0131mc\u0131 olur. Cildi besler ve canl\u0131l\u0131k kazand\u0131r\u0131r. Nemlendirme \u00f6zelli\u011fi bulunur<\/p>\n<p><strong>LAURUS NOBILIS LEAF OIL, <\/strong>Ciltte sivilce, siyah nokta ve sivilce ile sava\u015f\u0131r. Ciltte kuruluk ve \u00e7atlaklarla m\u00fccadelede bir\u00e7ok krem ve kimyasaldan daha etkilidir. Do\u011fal bir antibiyotik g\u00f6revi g\u00f6rd\u00fc\u011f\u00fc i\u00e7in \u00e7e\u015fitli yan\u0131klar\u0131, yaralar\u0131 veya kabarm\u0131\u015f b\u00f6lgeleri k\u0131sa s\u00fcrede iyile\u015ftirecektir.<\/p>\n","protected":false},"excerpt":{"rendered":"<p>\u0130\u00e7eri\u011findeki lavanta ve defne \u00f6zleri sayesinde ciltteki a\u015f\u0131r\u0131 ya\u011fl\u0131l\u0131\u011f\u0131 gidererek cilt nem dengesi korur ve parlak bir g\u00f6r\u00fcn\u00fcm sa\u011flar. D\u00fczenli kullan\u0131mda akne olu\u015fumunu engellemekte ve cilde daha parlak bir g\u00f6r\u00fcn\u00fcm kazand\u0131rmaktad\u0131r. Avokado \u00f6zl\u00fc maskeler cildi gerginle\u015ftirerek k\u0131r\u0131\u015f\u0131kl\u0131k sorununu da azaltmaktad\u0131r<\/p>\n","protected":false},"featured_media":333,"comment_status":"open","ping_status":"closed","template":"","meta":{"_kad_post_transparent":"default","_kad_post_title":"","_kad_post_layout":"default","_kad_post_sidebar_id":"","_kad_post_content_style":"default","_kad_post_vertical_padding":"default","_kad_post_feature":"","_kad_post_feature_position":"","_kad_post_header":false,"_kad_post_footer":false},"product_brand":[45],"product_cat":[15,24],"product_tag":[50,51,57,56],"class_list":{"0":"post-329","1":"product","2":"type-product","3":"status-publish","4":"has-post-thumbnail","6":"product_brand-deefprofessional","7":"product_cat-genel","8":"product_cat-ciltbakim","9":"product_tag-avokado","10":"product_tag-maske","11":"product_tag-yagli","12":"product_tag-yagli-cilt","14":"first","15":"instock","16":"shipping-taxable","17":"purchasable","18":"product-type-simple","19":"entry","20":"content-bg","21":"loop-entry"},"_links":{"self":[{"href":"https:\/\/deefprofessional.com.tr\/index.php?rest_route=\/wp\/v2\/product\/329","targetHints":{"allow":["GET"]}}],"collection":[{"href":"https:\/\/deefprofessional.com.tr\/index.php?rest_route=\/wp\/v2\/product"}],"about":[{"href":"https:\/\/deefprofessional.com.tr\/index.php?rest_route=\/wp\/v2\/types\/product"}],"replies":[{"embeddable":true,"href":"https:\/\/deefprofessional.com.tr\/index.php?rest_route=%2Fwp%2Fv2%2Fcomments&post=329"}],"wp:featuredmedia":[{"embeddable":true,"href":"https:\/\/deefprofessional.com.tr\/index.php?rest_route=\/wp\/v2\/media\/333"}],"wp:attachment":[{"href":"https:\/\/deefprofessional.com.tr\/index.php?rest_route=%2Fwp%2Fv2%2Fmedia&parent=329"}],"wp:term":[{"taxonomy":"product_brand","embeddable":true,"href":"https:\/\/deefprofessional.com.tr\/index.php?rest_route=%2Fwp%2Fv2%2Fproduct_brand&post=329"},{"taxonomy":"product_cat","embeddable":true,"href":"https:\/\/deefprofessional.com.tr\/index.php?rest_route=%2Fwp%2Fv2%2Fproduct_cat&post=329"},{"taxonomy":"product_tag","embeddable":true,"href":"https:\/\/deefprofessional.com.tr\/index.php?rest_route=%2Fwp%2Fv2%2Fproduct_tag&post=329"}],"curies":[{"name":"wp","href":"https:\/\/api.w.org\/{rel}","templated":true}]}}