{"id":335,"date":"2024-12-25T17:58:47","date_gmt":"2024-12-25T17:58:47","guid":{"rendered":"https:\/\/deefprofessional.com.tr\/?post_type=product&#038;p=335"},"modified":"2026-03-01T12:29:49","modified_gmt":"2026-03-01T12:29:49","slug":"kolajen-serum","status":"publish","type":"product","link":"https:\/\/deefprofessional.com.tr\/?product=kolajen-serum","title":{"rendered":"Kolajen Serum"},"content":{"rendered":"<p>\u0130\u00e7eri\u011findeki Hiyal\u00fcronik asit ve kolajen \u00f6zleri ile cildinizi derinlemesine nemlendirirken ayn\u0131 zamanda da cildinizi besler.<\/p>\n<p><strong>COLLAGEN,<\/strong> E\u015fsiz bir higroskopik \u00f6zelli\u011fe sahiptir, cildi nemli, p\u00fcr\u00fczs\u00fcz ve elastik hale getirir. Cildin UV \u0131\u015f\u0131nlar\u0131ndan zarar g\u00f6rmesini engeller ve serbest radikallerin cilde zarar vermesini \u00f6nler. Cildi besler ve g\u00fczelle\u015ftirir, k\u0131r\u0131\u015f\u0131kl\u0131\u011f\u0131, ya\u015f pigmentini ve karanl\u0131k noktay\u0131 belirgin \u015fekilde azalt\u0131r.<\/p>\n<p><strong>\u00a0HYALURON\u0130C AC\u0130D, <\/strong>Cildin nemli ve dolgun g\u00f6r\u00fcnmesi i\u00e7in su tutma g\u00f6revini \u00fcstlenen hyaluronic acid sayesinde cildin ya\u015flanma, g\u00fcne\u015f \u0131\u015f\u0131\u011f\u0131na maruz kalma, susuzluk gibi nedenlerle kaybetti\u011fi nemi geri almas\u0131na, daha dolgun ve parlak bir g\u00f6r\u00fcn\u00fcm kazanmas\u0131na yard\u0131mc\u0131 olur.<\/p>\n<p><strong>GLYCER\u0130N, <\/strong>Nemlendirici olarak i\u015flev g\u00f6r\u00fcr. Cildi yumu\u015fat\u0131r.<\/p>\n<p><strong>ALOE BARBADENS\u0130S EXTRACT, <\/strong>Cildi nemlendirme ve yaralar\u0131 iyile\u015ftirme \u00f6zelli\u011fi vard\u0131r. Antioksidan ve antibakteriyel \u00f6zellikleri vard\u0131r. Cilt yat\u0131\u015ft\u0131r\u0131c\u0131 olarak g\u00f6rev yapar. Ayn\u0131 zamanda cilt k\u0131r\u0131\u015f\u0131kl\u0131\u011f\u0131n\u0131 \u00f6nlemede rol oynar. M\u00fckemmel nemlendirme faydas\u0131 vard\u0131r. K\u0131r\u0131\u015f\u0131kl\u0131k \u00f6nleyici ve s\u0131k\u0131la\u015ft\u0131r\u0131c\u0131 etkisi vard\u0131r.<\/p>\n","protected":false},"excerpt":{"rendered":"<p>\u0130\u00e7eri\u011findeki Hiyal\u00fcronik asit ve kolajen \u00f6zleri ile cildinizi derinlemesine nemlendirirken ayn\u0131 zamanda da cildinizi besler.<\/p>\n","protected":false},"featured_media":338,"comment_status":"open","ping_status":"closed","template":"","meta":{"_kad_post_transparent":"default","_kad_post_title":"","_kad_post_layout":"default","_kad_post_sidebar_id":"","_kad_post_content_style":"default","_kad_post_vertical_padding":"default","_kad_post_feature":"","_kad_post_feature_position":"","_kad_post_header":false,"_kad_post_footer":false},"product_brand":[45],"product_cat":[15,24],"product_tag":[53,40,42],"class_list":{"0":"post-335","1":"product","2":"type-product","3":"status-publish","4":"has-post-thumbnail","6":"product_brand-deefprofessional","7":"product_cat-genel","8":"product_cat-ciltbakim","9":"product_tag-cilt","10":"product_tag-kolajen","11":"product_tag-serum","13":"first","14":"instock","15":"shipping-taxable","16":"purchasable","17":"product-type-simple","18":"entry","19":"content-bg","20":"loop-entry"},"_links":{"self":[{"href":"https:\/\/deefprofessional.com.tr\/index.php?rest_route=\/wp\/v2\/product\/335","targetHints":{"allow":["GET"]}}],"collection":[{"href":"https:\/\/deefprofessional.com.tr\/index.php?rest_route=\/wp\/v2\/product"}],"about":[{"href":"https:\/\/deefprofessional.com.tr\/index.php?rest_route=\/wp\/v2\/types\/product"}],"replies":[{"embeddable":true,"href":"https:\/\/deefprofessional.com.tr\/index.php?rest_route=%2Fwp%2Fv2%2Fcomments&post=335"}],"wp:featuredmedia":[{"embeddable":true,"href":"https:\/\/deefprofessional.com.tr\/index.php?rest_route=\/wp\/v2\/media\/338"}],"wp:attachment":[{"href":"https:\/\/deefprofessional.com.tr\/index.php?rest_route=%2Fwp%2Fv2%2Fmedia&parent=335"}],"wp:term":[{"taxonomy":"product_brand","embeddable":true,"href":"https:\/\/deefprofessional.com.tr\/index.php?rest_route=%2Fwp%2Fv2%2Fproduct_brand&post=335"},{"taxonomy":"product_cat","embeddable":true,"href":"https:\/\/deefprofessional.com.tr\/index.php?rest_route=%2Fwp%2Fv2%2Fproduct_cat&post=335"},{"taxonomy":"product_tag","embeddable":true,"href":"https:\/\/deefprofessional.com.tr\/index.php?rest_route=%2Fwp%2Fv2%2Fproduct_tag&post=335"}],"curies":[{"name":"wp","href":"https:\/\/api.w.org\/{rel}","templated":true}]}}