{"id":454,"date":"2025-01-02T13:30:26","date_gmt":"2025-01-02T13:30:26","guid":{"rendered":"https:\/\/deefprofessional.com.tr\/?post_type=product&#038;p=454"},"modified":"2026-03-01T12:27:54","modified_gmt":"2026-03-01T12:27:54","slug":"goz-cevresi-kremi","status":"publish","type":"product","link":"https:\/\/deefprofessional.com.tr\/?product=goz-cevresi-kremi","title":{"rendered":"G\u00f6z \u00c7evresi Kremi"},"content":{"rendered":"<p>G\u00f6z \u00e7evresindeki \u00e7izgi, k\u0131r\u0131\u015f\u0131kl\u0131k, ve \u015fi\u015flik gibi ya\u015flanma belirtilerine kar\u015f\u0131 m\u00fccadele eder. Do\u011fal nemlendirici h\u00fccre besleyici ve yenileyici aktif bile\u015fimi ile cilt bariyerini g\u00fc\u00e7lendirir. \u0130nce \u00e7izgilerin ve k\u0131r\u0131\u015f\u0131kl\u0131klar\u0131n g\u00f6r\u00fcn\u00fcm\u00fcn\u00fc azaltmay\u0131 destekler. Zamanla esnekli\u011fini kaybeden kolajen dokuyu onarmaya yard\u0131mc\u0131 olur. Sarkmalar\u0131 \u00f6nleyerek sa\u011fl\u0131kl\u0131 ve parlak bir cilt g\u00f6r\u00fcn\u00fcm\u00fcn\u00fc destekler. Besleyiciler, nemlendiriciler, vitaminler ve bitkisel ya\u011flar sayesinde cildi rahatlat\u0131r.<\/p>\n<p><strong>Allantoin<\/strong>, nemlendirme \u00f6zelliklerine sahip nihai bir h\u00fccre proliferasyon bile\u015fenidir. Y\u0131pranm\u0131\u015f ciltte p\u00fcr\u00fczs\u00fczl\u00fck ve yat\u0131\u015ft\u0131r\u0131c\u0131 etki sa\u011flar. H\u00fccre yenilenmesini destekler ve enflamatuar yan\u0131t\u0131 d\u00fczenler. Sa\u00e7 bak\u0131m\u0131, v\u00fccut \/ el ve bebek bak\u0131m\u0131, y\u00fcz temizli\u011fi ve renkli kozmetikler i\u00e7in \u00f6nerilir. Ayr\u0131ca g\u00fcne\u015ften korunma, g\u00fcne\u015f bak\u0131m\u0131, di\u015f macunu, deodorantlar ve a\u011f\u0131z terleticiler i\u00e7in tavsiye edilir. Alantoin bak\u0131m\u0131ndan zengin karakafes k\u00f6klerinden yap\u0131lan merhemler, antik \u00e7a\u011flardan beri naturopatik t\u0131pta yara iyile\u015ftirici yard\u0131mc\u0131lar olarak kullan\u0131lmaktad\u0131r.<\/p>\n<p><strong>Caprylic \/ Capric Triglyceride , <\/strong>yumu\u015fat\u0131c\u0131, cilt bak\u0131m maddesi ve \u00e7\u00f6z\u00fcc\u00fc olarak i\u015flev g\u00f6r\u00fcr. Yenilenebilir bitkisel ya\u011flardan elde edilen ya\u011f esteridir. GDO i\u00e7ermez. M\u00fckemmel rengi ve kokusu onu kozmetikler ve ki\u015fisel bak\u0131m \u00fcr\u00fcnleri i\u00e7in iyi bir yumu\u015fat\u0131c\u0131 ve kokular i\u00e7in \u00e7\u00f6z\u00fcc\u00fc yapar.<\/p>\n<p><strong>Sodium hyaluronate (HA), <\/strong>insan v\u00fccudunda dallanmam\u0131\u015f, do\u011fal olarak olu\u015fan bir polisakkarittir. Esas olarak h\u00fccre d\u0131\u015f\u0131 matriste bulunur. HA bug\u00fcn esas olarak fermantasyon ve ard\u0131ndan geni\u015fletilmi\u015f bir safla\u015ft\u0131rma ile \u00fcretilmektedir. \u0130\u015flem s\u0131ras\u0131nda, film olu\u015fturma \u00f6zellikleri ve ya\u015flanmay\u0131 geciktirici faydalar aras\u0131nda en iyi kombinasyonu sa\u011flamak i\u00e7in belirli bir molek\u00fcler boyut aral\u0131\u011f\u0131 (350 ila 550) KD&#8217;nin korunmas\u0131na \u00f6zel \u00f6nem verilir.<\/p>\n<p><u>\u00a0\u00a0 Temel faydalar : <\/u>M\u00fckemmel nemlendirme faydas\u0131, K\u0131r\u0131\u015f\u0131kl\u0131k \u00f6nleyici ve s\u0131k\u0131la\u015ft\u0131r\u0131c\u0131 etki<\/p>\n<p>&nbsp;<\/p>\n<p><strong>Panthenol<\/strong>, cilde uyguland\u0131\u011f\u0131nda kolayl\u0131kla pantotenik aside d\u00f6n\u00fc\u015f\u00fcr. B5 vitamini olarak da bilinen pantotenik asit, B grubu vitaminlerin bir par\u00e7as\u0131d\u0131r ve suda \u00e7\u00f6z\u00fcnen bir vitamin olarak s\u0131n\u0131fland\u0131r\u0131l\u0131r. Pantotenik asit daha sonra h\u00fccrenin enerji d\u00f6ng\u00fcs\u00fcne \u00f6nemli bir bile\u015fen olarak dahil edilir. Panthenol&#8217;\u00fcn kendisi de suyu cildin \u00fcst tabakas\u0131na \u00e7ekebilir ve cildin yenilenmesini art\u0131rabilir.<\/p>\n<p><u>Temel faydalar <\/u>: Cildin nemli ve esnek kalmas\u0131na yard\u0131mc\u0131 olur. Tahri\u015f ve k\u0131zarmay\u0131 engeller<\/p>\n<p><strong>COLLAGEN(KOLAJEN<\/strong>); E\u015fsiz bir higroskopik \u00f6zelli\u011fe sahiptir, cildi nemli, p\u00fcr\u00fczs\u00fcz ve elastik hale getirir. Cildin UV \u0131\u015f\u0131nlar\u0131ndan zarar g\u00f6rmesini engeller ve serbest radikallerin cilde zarar vermesini \u00f6nler. Cildi besler ve g\u00fczelle\u015ftirir, k\u0131r\u0131\u015f\u0131kl\u0131\u011f\u0131, ya\u015f pigmentini ve karanl\u0131k noktay\u0131 belirgin \u015fekilde azalt\u0131r.<\/p>\n<p><strong>Fucus Vesiculosus(su yosunu) Extract<\/strong>: Yosun, cilde daha fazla nem sa\u011flayabilen nemlendirici \u00f6zelliklere sahiptir. Cildin genel g\u00f6r\u00fcn\u00fcm\u00fcne yard\u0131mc\u0131 olarak parlak g\u00f6r\u00fcnmesini ve g\u00f6r\u00fcnmesini sa\u011flayabilir. Bir\u00e7ok yosun t\u00fcr\u00fc ayn\u0131 zamanda do\u011fal ayd\u0131nlat\u0131c\u0131d\u0131r ve koyu lekelerin ve hiperpigmentasyonun g\u00f6r\u00fcn\u00fcm\u00fcn\u00fc en aza indirmeye yard\u0131mc\u0131 olabilir. Ayr\u0131ca t\u00fcm cilt tiplerinde i\u015fe yarar.<\/p>\n<p><strong>Tocopheryl acetate (E-vitamini)<\/strong><strong>;<\/strong> Yaralar\u0131n \u00e7abuk iyile\u015fmesini sa\u011flar. Cildin parlak g\u00f6r\u00fcnmesini sa\u011flar. Kolajen \u00fcretimini art\u0131r\u0131rak ya\u015flanmay\u0131 geciktirir. Antioksidand\u0131r. Cildi canland\u0131r\u0131r ve nemlendirir. Ciltteki kahverengi lekelerin hafiflemesine yard\u0131mc\u0131 olur<\/p>\n","protected":false},"excerpt":{"rendered":"<p>G\u00f6z \u00e7evresindeki \u00e7izgi, k\u0131r\u0131\u015f\u0131kl\u0131k, ve \u015fi\u015flik gibi ya\u015flanma belirtilerine kar\u015f\u0131 m\u00fccadele eder. Do\u011fal nemlendirici h\u00fccre besleyici ve yenileyici aktif bile\u015fimi ile cilt bariyerini g\u00fc\u00e7lendirir. \u0130nce \u00e7izgilerin ve k\u0131r\u0131\u015f\u0131kl\u0131klar\u0131n g\u00f6r\u00fcn\u00fcm\u00fcn\u00fc azaltmay\u0131 destekler. Zamanla esnekli\u011fini kaybeden kolajen dokuyu onarmaya yard\u0131mc\u0131 olur. Sarkmalar\u0131 \u00f6nleyerek sa\u011fl\u0131kl\u0131 ve parlak bir cilt g\u00f6r\u00fcn\u00fcm\u00fcn\u00fc destekler. Besleyiciler, nemlendiriciler, vitaminler ve bitkisel ya\u011flar sayesinde cildi rahatlat\u0131r.<\/p>\n","protected":false},"featured_media":458,"comment_status":"open","ping_status":"closed","template":"","meta":{"_kad_post_transparent":"disable","_kad_post_title":"","_kad_post_layout":"fullwidth","_kad_post_sidebar_id":"","_kad_post_content_style":"boxed","_kad_post_vertical_padding":"default","_kad_post_feature":"","_kad_post_feature_position":"","_kad_post_header":false,"_kad_post_footer":false},"product_brand":[45],"product_cat":[15,24],"product_tag":[60,70,69,72,66,71,54],"class_list":{"0":"post-454","1":"product","2":"type-product","3":"status-publish","4":"has-post-thumbnail","6":"product_brand-deefprofessional","7":"product_cat-genel","8":"product_cat-ciltbakim","9":"product_tag-deefprofessional","10":"product_tag-goz","11":"product_tag-goz-alti","12":"product_tag-kirisiklik","13":"product_tag-krem","14":"product_tag-morluk","15":"product_tag-yuz","17":"first","18":"instock","19":"shipping-taxable","20":"purchasable","21":"product-type-simple","22":"entry","23":"content-bg","24":"loop-entry"},"_links":{"self":[{"href":"https:\/\/deefprofessional.com.tr\/index.php?rest_route=\/wp\/v2\/product\/454","targetHints":{"allow":["GET"]}}],"collection":[{"href":"https:\/\/deefprofessional.com.tr\/index.php?rest_route=\/wp\/v2\/product"}],"about":[{"href":"https:\/\/deefprofessional.com.tr\/index.php?rest_route=\/wp\/v2\/types\/product"}],"replies":[{"embeddable":true,"href":"https:\/\/deefprofessional.com.tr\/index.php?rest_route=%2Fwp%2Fv2%2Fcomments&post=454"}],"wp:featuredmedia":[{"embeddable":true,"href":"https:\/\/deefprofessional.com.tr\/index.php?rest_route=\/wp\/v2\/media\/458"}],"wp:attachment":[{"href":"https:\/\/deefprofessional.com.tr\/index.php?rest_route=%2Fwp%2Fv2%2Fmedia&parent=454"}],"wp:term":[{"taxonomy":"product_brand","embeddable":true,"href":"https:\/\/deefprofessional.com.tr\/index.php?rest_route=%2Fwp%2Fv2%2Fproduct_brand&post=454"},{"taxonomy":"product_cat","embeddable":true,"href":"https:\/\/deefprofessional.com.tr\/index.php?rest_route=%2Fwp%2Fv2%2Fproduct_cat&post=454"},{"taxonomy":"product_tag","embeddable":true,"href":"https:\/\/deefprofessional.com.tr\/index.php?rest_route=%2Fwp%2Fv2%2Fproduct_tag&post=454"}],"curies":[{"name":"wp","href":"https:\/\/api.w.org\/{rel}","templated":true}]}}