{"id":652,"date":"2026-03-01T13:10:27","date_gmt":"2026-03-01T13:10:27","guid":{"rendered":"https:\/\/deefprofessional.com.tr\/?post_type=product&#038;p=652"},"modified":"2026-03-01T13:10:58","modified_gmt":"2026-03-01T13:10:58","slug":"deefprofessional-erove-lux-man-m004","status":"publish","type":"product","link":"https:\/\/deefprofessional.com.tr\/?product=deefprofessional-erove-lux-man-m004","title":{"rendered":"DeefProfessional &#8211; Erove Lux Man M004"},"content":{"rendered":"<p><strong>\u0130\u00c7\u0130NDEK\u0130LER: <\/strong>Alcohol Denat., Parfum, Aqua, Tetramethyl acetyloctahydronaphthalenes, Coumarin, Limonene, Linalool, Citrus Limon Peel Oil, Hexamethylindanopyran, Linalyl acetate, Vanillin<\/p>\n<p>BARKOD: 8684441657256<\/p>\n","protected":false},"excerpt":{"rendered":"<p>DeefProfessional &#8211; Erove Lux Man M003<\/p>\n","protected":false},"featured_media":635,"comment_status":"open","ping_status":"closed","template":"","meta":{"_kad_post_transparent":"disable","_kad_post_title":"","_kad_post_layout":"default","_kad_post_sidebar_id":"","_kad_post_content_style":"default","_kad_post_vertical_padding":"default","_kad_post_feature":"","_kad_post_feature_position":"","_kad_post_header":false,"_kad_post_footer":false},"product_brand":[45],"product_cat":[15,88],"product_tag":[60,92,93,89],"class_list":{"0":"post-652","1":"product","2":"type-product","3":"status-publish","4":"has-post-thumbnail","6":"product_brand-deefprofessional","7":"product_cat-genel","8":"product_cat-parfum","9":"product_tag-deefprofessional","10":"product_tag-erkek","11":"product_tag-erkek-parfum","12":"product_tag-parfum","14":"first","15":"instock","16":"shipping-taxable","17":"purchasable","18":"product-type-simple","19":"entry","20":"content-bg","21":"loop-entry"},"_links":{"self":[{"href":"https:\/\/deefprofessional.com.tr\/index.php?rest_route=\/wp\/v2\/product\/652","targetHints":{"allow":["GET"]}}],"collection":[{"href":"https:\/\/deefprofessional.com.tr\/index.php?rest_route=\/wp\/v2\/product"}],"about":[{"href":"https:\/\/deefprofessional.com.tr\/index.php?rest_route=\/wp\/v2\/types\/product"}],"replies":[{"embeddable":true,"href":"https:\/\/deefprofessional.com.tr\/index.php?rest_route=%2Fwp%2Fv2%2Fcomments&post=652"}],"wp:featuredmedia":[{"embeddable":true,"href":"https:\/\/deefprofessional.com.tr\/index.php?rest_route=\/wp\/v2\/media\/635"}],"wp:attachment":[{"href":"https:\/\/deefprofessional.com.tr\/index.php?rest_route=%2Fwp%2Fv2%2Fmedia&parent=652"}],"wp:term":[{"taxonomy":"product_brand","embeddable":true,"href":"https:\/\/deefprofessional.com.tr\/index.php?rest_route=%2Fwp%2Fv2%2Fproduct_brand&post=652"},{"taxonomy":"product_cat","embeddable":true,"href":"https:\/\/deefprofessional.com.tr\/index.php?rest_route=%2Fwp%2Fv2%2Fproduct_cat&post=652"},{"taxonomy":"product_tag","embeddable":true,"href":"https:\/\/deefprofessional.com.tr\/index.php?rest_route=%2Fwp%2Fv2%2Fproduct_tag&post=652"}],"curies":[{"name":"wp","href":"https:\/\/api.w.org\/{rel}","templated":true}]}}